{"id":795,"date":"2010-05-23T02:47:43","date_gmt":"2010-05-23T02:47:43","guid":{"rendered":"https:\/\/www.quierounlinux.com\/?page_id=2"},"modified":"2026-03-14T11:41:59","modified_gmt":"2026-03-14T11:41:59","slug":"acerca-de-nosotro","status":"publish","type":"page","link":"https:\/\/quierounlinux.com\/?page_id=795","title":{"rendered":"Qui\u00e9nes Somos?"},"content":{"rendered":"\n<p><a href=\"https:\/\/quierounlinux.com\/\" target=\"_blank\"><strong>QuieroUnLinux.com<\/strong><\/a> es un Blog relacionado profundamente con el Sistema Operativo GNU\/Linux (de ahora en m\u00e1s, Linux), que tratar\u00e1 de ayudar a quienes reci\u00e9n comienzan con este sistema y tambi\u00e9n permitir\u00e1 difundir y compartir informaci\u00f3n con aquellos que ya estamos \u00abdel lado oscuro\u00bb -Linux-.<\/p>\n\n\n\n<p>El nombre ha surgido de la cantidad de consultas recibidas del tipo:<\/p>\n\n\n\n<ul class=\"wp-block-list\">\n<li>\u00abQuiero un Linux, pero no se por d\u00f3nde empezar\u00bb<\/li>\n\n\n\n<li>\u00abMe tiene podrido Windows con los virus! Qu\u00e9 puedo hacer?\u00bb<\/li>\n<\/ul>\n\n\n\n<p><\/p>\n\n\n\n<p>Aqu\u00ed intentaremos recopilar distintas distribuciones, as\u00ed como tambi\u00e9n diferentes alternativas a software usados en otras plataformas.<\/p>\n\n\n\n<p><strong>ACERCA DEL AUTOR:<\/strong><\/p>\n\n\n\n<p>Aunque hace much\u00edsimo tiempo que manejo distribuciones GNU\/Linux, por cuestiones de tiempo, no hab\u00ed\u00ada investigado esos peque\u00f1os detalles que hacen que cuando uno empieza a usar a diario y como sistema principal, los va necesitando.<\/p>\n\n\n\n<p>Por lo que aunque conozca mucho m\u00e1s que los que reci\u00e9n comienzan, me estoy poniendo en la piel\u009d de aquellos a la hora de ir contando mi odisea al Querer Tener un Linux en mi PC y publicar mucho material de utilidad en la web!<\/p>\n\n\n\n<p><strong>ACERCA DE LOS COMENTARIOS:<\/strong><\/p>\n\n\n\n<p>Seremos implacables -eliminados- con los comentarios tantos de fanboys de linux como de windows y de los \u00abseres superiores\u00bb.<\/p>\n\n\n\n<p>Aqu\u00ed nuestra misi\u00f3n no es creernos superiores en uno ni otro sistema, aqu\u00ed <strong><em>nuestra misi\u00f3n<\/em><\/strong> es poder <em>dar conocimientos suficientes para poder generar nuevos y renovados usuarios de Linux y del Software Libre.<\/em><\/p>\n\n\n\n<p>Recordad que aqu\u00c3\u00ed escribe alguien que usa tanto Windows como Linux por diferentes motivos, pero que aunque tenga \u00abpreferencia\u00bb por el SO del ping\u00fcino, es consciente que much\u00edsima gente usa Windows, legal o pirata y con ello, implica que har\u00e1 todo esfuerzo que sea posible para \u00abatraer\u00bb a todo el\/la que pueda hacia este maravilloso mundo de las alternativas y las verdaderas libertades.<\/p>\n\n\n\n<p>Es para muchos dif\u00e1cil despegarse de Windows, por lo que nosotros \u00abtenderemos un puente\u00bb para que puedan hacerlo, que sea lo menos \u00abtraum\u00e1tico\u00bb posible, y que puedan \u00abenamorarse\u00bb como lo hemos hecho nosotros de GNU\/Linux.<\/p>\n\n\n\n<p>Esto nos llevar\u00e1 a <em>cometer obviedades<\/em>, pero ser\u00e1n necesarias muchas veces para solucionar problemas de \u00eddole cotidiana para muchos usuarios que son super-b\u00e1sicos en el manejo de una PC&#8230;<\/p>\n\n\n\n<p>Por lo tanto, los animo a que al comentar tomes esta postura y no te creas \u00abun ser superior\u00bb menospreciando a todos los que no tienen ese conocimiento.<\/p>\n\n\n\n<p>Recuerda que la comunidad Linux se centra principalmente en \u00abcompartir\u00bb conocimientos, as\u00ed\u00ad que les invito a ser positivos, productivos y colaborativos.<\/p>\n\n\n\n<p>Gracias!<\/p>\n\n\n\n<p>Nevil<\/p>\n","protected":false},"excerpt":{"rendered":"<p>QuieroUnLinux.com es un Blog relacionado profundamente con el Sistema Operativo GNU\/Linux (de ahora en m\u00e1s, Linux), que tratar\u00e1 de ayudar a quienes reci\u00e9n comienzan con este sistema y tambi\u00e9n permitir\u00e1 difundir y compartir informaci\u00f3n con aquellos que ya estamos \u00abdel lado oscuro\u00bb -Linux-. El nombre ha surgido de la cantidad de consultas recibidas del tipo: [&hellip;]<\/p>\n","protected":false},"author":1,"featured_media":0,"parent":0,"menu_order":0,"comment_status":"open","ping_status":"open","template":"","meta":{"footnotes":""},"class_list":["post-795","page","type-page","status-publish","hentry"],"_links":{"self":[{"href":"https:\/\/quierounlinux.com\/index.php?rest_route=\/wp\/v2\/pages\/795","targetHints":{"allow":["GET"]}}],"collection":[{"href":"https:\/\/quierounlinux.com\/index.php?rest_route=\/wp\/v2\/pages"}],"about":[{"href":"https:\/\/quierounlinux.com\/index.php?rest_route=\/wp\/v2\/types\/page"}],"author":[{"embeddable":true,"href":"https:\/\/quierounlinux.com\/index.php?rest_route=\/wp\/v2\/users\/1"}],"replies":[{"embeddable":true,"href":"https:\/\/quierounlinux.com\/index.php?rest_route=%2Fwp%2Fv2%2Fcomments&post=795"}],"version-history":[{"count":1,"href":"https:\/\/quierounlinux.com\/index.php?rest_route=\/wp\/v2\/pages\/795\/revisions"}],"predecessor-version":[{"id":921,"href":"https:\/\/quierounlinux.com\/index.php?rest_route=\/wp\/v2\/pages\/795\/revisions\/921"}],"wp:attachment":[{"href":"https:\/\/quierounlinux.com\/index.php?rest_route=%2Fwp%2Fv2%2Fmedia&parent=795"}],"curies":[{"name":"wp","href":"https:\/\/api.w.org\/{rel}","templated":true}]}}